{"id":17836,"date":"2022-11-28T11:00:32","date_gmt":"2022-11-28T14:00:32","guid":{"rendered":"https:\/\/orcoma.com.br\/?page_id=17836"},"modified":"2025-06-26T11:47:00","modified_gmt":"2025-06-26T14:47:00","slug":"contabilidade-para-o-setor-publico-na-bahia","status":"publish","type":"page","link":"https:\/\/orcoma.com.br\/?page_id=17836","title":{"rendered":"Orcoma para Setor P\u00fablico"},"content":{"rendered":"\t\t<div data-elementor-type=\"wp-page\" data-elementor-id=\"17836\" class=\"elementor elementor-17836\" data-elementor-post-type=\"page\">\n\t\t\t\t\t\t<section class=\"elementor-section elementor-top-section elementor-element elementor-element-d7924eb elementor-section-stretched elementor-section-height-min-height elementor-section-boxed elementor-section-height-default elementor-section-items-middle\" data-id=\"d7924eb\" data-element_type=\"section\" data-e-type=\"section\" data-settings=\"{&quot;stretch_section&quot;:&quot;section-stretched&quot;,&quot;background_background&quot;:&quot;classic&quot;}\">\n\t\t\t\t\t\t\t<div class=\"elementor-background-overlay\"><\/div>\n\t\t\t\t\t\t\t<div class=\"elementor-container elementor-column-gap-no\">\n\t\t\t\t\t<div class=\"elementor-column elementor-col-100 elementor-top-column elementor-element elementor-element-b9176a7\" data-id=\"b9176a7\" data-element_type=\"column\" data-e-type=\"column\">\n\t\t\t<div class=\"elementor-widget-wrap elementor-element-populated\">\n\t\t\t\t\t\t<div class=\"elementor-element elementor-element-60614d6 elementor-hidden-desktop elementor-hidden-tablet elementor-hidden-mobile elementor-widget elementor-widget-heading\" data-id=\"60614d6\" data-element_type=\"widget\" data-e-type=\"widget\" data-widget_type=\"heading.default\">\n\t\t\t\t<div class=\"elementor-widget-container\">\n\t\t\t\t\t<h1 class=\"elementor-heading-title elementor-size-default\">Contabilidade para o Setor P\u00fablico na Bahia\n<\/h1>\t\t\t\t<\/div>\n\t\t\t\t<\/div>\n\t\t\t\t<div class=\"elementor-element elementor-element-68c0660 elementor-widget elementor-widget-heading\" data-id=\"68c0660\" data-element_type=\"widget\" data-e-type=\"widget\" data-widget_type=\"heading.default\">\n\t\t\t\t<div class=\"elementor-widget-container\">\n\t\t\t\t\t<h2 class=\"elementor-heading-title elementor-size-default\">Orcoma para setor p\u00fablico\n<\/h2>\t\t\t\t<\/div>\n\t\t\t\t<\/div>\n\t\t\t\t<section class=\"elementor-section elementor-inner-section elementor-element elementor-element-8656131 elementor-section-boxed elementor-section-height-default elementor-section-height-default\" data-id=\"8656131\" data-element_type=\"section\" data-e-type=\"section\">\n\t\t\t\t\t\t<div class=\"elementor-container elementor-column-gap-default\">\n\t\t\t\t\t<div class=\"elementor-column elementor-col-50 elementor-inner-column elementor-element elementor-element-0c80abd\" data-id=\"0c80abd\" data-element_type=\"column\" data-e-type=\"column\">\n\t\t\t<div class=\"elementor-widget-wrap elementor-element-populated\">\n\t\t\t\t\t\t<div class=\"elementor-element elementor-element-a9aaba4 elementor-widget elementor-widget-heading\" data-id=\"a9aaba4\" data-element_type=\"widget\" data-e-type=\"widget\" data-widget_type=\"heading.default\">\n\t\t\t\t<div class=\"elementor-widget-container\">\n\t\t\t\t\t<h3 class=\"elementor-heading-title elementor-size-default\">Garanta transpar\u00eancia e conformidade legal para sua gest\u00e3o.<\/h3>\t\t\t\t<\/div>\n\t\t\t\t<\/div>\n\t\t\t\t\t<\/div>\n\t\t<\/div>\n\t\t\t\t<div class=\"elementor-column elementor-col-50 elementor-inner-column elementor-element elementor-element-b7585e2\" data-id=\"b7585e2\" data-element_type=\"column\" data-e-type=\"column\">\n\t\t\t<div class=\"elementor-widget-wrap elementor-element-populated\">\n\t\t\t\t\t\t<div class=\"elementor-element elementor-element-c70bf7b elementor-widget elementor-widget-text-editor\" data-id=\"c70bf7b\" data-element_type=\"widget\" data-e-type=\"widget\" data-widget_type=\"text-editor.default\">\n\t\t\t\t<div class=\"elementor-widget-container\">\n\t\t\t\t\t\t\t\t\t<p>Servi\u00e7os de contabilidade p\u00fablica para dar a voc\u00ea o apoio necess\u00e1rio na presta\u00e7\u00e3o de contas e no uso eficiente dos recursos governamentais.<\/p>\t\t\t\t\t\t\t\t<\/div>\n\t\t\t\t<\/div>\n\t\t\t\t\t<\/div>\n\t\t<\/div>\n\t\t\t\t\t<\/div>\n\t\t<\/section>\n\t\t\t\t\t<\/div>\n\t\t<\/div>\n\t\t\t\t\t<\/div>\n\t\t<\/section>\n\t\t\t\t<section class=\"elementor-section elementor-top-section elementor-element elementor-element-1073707 elementor-section-boxed elementor-section-height-default elementor-section-height-default\" data-id=\"1073707\" data-element_type=\"section\" data-e-type=\"section\">\n\t\t\t\t\t\t<div class=\"elementor-container elementor-column-gap-default\">\n\t\t\t\t\t<div class=\"elementor-column elementor-col-100 elementor-top-column elementor-element elementor-element-35cfc99\" data-id=\"35cfc99\" data-element_type=\"column\" data-e-type=\"column\">\n\t\t\t<div class=\"elementor-widget-wrap elementor-element-populated\">\n\t\t\t\t\t\t<div class=\"elementor-element elementor-element-262bca0 elementor-widget elementor-widget-image\" data-id=\"262bca0\" data-element_type=\"widget\" data-e-type=\"widget\" data-widget_type=\"image.default\">\n\t\t\t\t<div class=\"elementor-widget-container\">\n\t\t\t\t\t\t\t\t\t\t\t\t\t\t\t\t<a href=\"#1\">\n\t\t\t\t\t\t\t<img decoding=\"async\" width=\"190\" height=\"59\" src=\"https:\/\/orcoma.com.br\/wp-content\/uploads\/2022\/11\/min.png\" class=\"attachment-large size-large wp-image-19382\" alt=\"\" \/>\t\t\t\t\t\t\t\t<\/a>\n\t\t\t\t\t\t\t\t\t\t\t\t\t\t\t<\/div>\n\t\t\t\t<\/div>\n\t\t\t\t\t<\/div>\n\t\t<\/div>\n\t\t\t\t\t<\/div>\n\t\t<\/section>\n\t\t\t\t<section class=\"elementor-section elementor-top-section elementor-element elementor-element-ba68681 elementor-section-boxed elementor-section-height-default elementor-section-height-default\" data-id=\"ba68681\" data-element_type=\"section\" data-e-type=\"section\" data-settings=\"{&quot;background_background&quot;:&quot;classic&quot;}\">\n\t\t\t\t\t\t<div class=\"elementor-container elementor-column-gap-default\">\n\t\t\t\t\t<div class=\"elementor-column elementor-col-100 elementor-top-column elementor-element elementor-element-a176ff1\" data-id=\"a176ff1\" data-element_type=\"column\" data-e-type=\"column\">\n\t\t\t<div class=\"elementor-widget-wrap elementor-element-populated\">\n\t\t\t\t\t\t<section class=\"elementor-section elementor-inner-section elementor-element elementor-element-1125141 elementor-section-boxed elementor-section-height-default elementor-section-height-default\" data-id=\"1125141\" data-element_type=\"section\" data-e-type=\"section\">\n\t\t\t\t\t\t<div class=\"elementor-container elementor-column-gap-default\">\n\t\t\t\t\t<div class=\"elementor-column elementor-col-50 elementor-inner-column elementor-element elementor-element-4aa595f\" data-id=\"4aa595f\" data-element_type=\"column\" data-e-type=\"column\" data-settings=\"{&quot;background_background&quot;:&quot;classic&quot;}\">\n\t\t\t<div class=\"elementor-widget-wrap elementor-element-populated\">\n\t\t\t\t\t\t<div class=\"elementor-element elementor-element-45ed3a3 elementor-view-stacked elementor-shape-circle elementor-widget elementor-widget-icon\" data-id=\"45ed3a3\" data-element_type=\"widget\" data-e-type=\"widget\" data-widget_type=\"icon.default\">\n\t\t\t\t<div class=\"elementor-widget-container\">\n\t\t\t\t\t\t\t<div class=\"elementor-icon-wrapper\">\n\t\t\t<div class=\"elementor-icon\">\n\t\t\t<svg xmlns=\"http:\/\/www.w3.org\/2000\/svg\" width=\"512\" height=\"512\" viewBox=\"0 0 128 128\"><g><path d=\"M106.5,0h-85a7.759,7.759,0,0,0-7.75,7.75v112.5A7.759,7.759,0,0,0,21.5,128h85a7.759,7.759,0,0,0,7.75-7.75V7.748A7.759,7.759,0,0,0,106.5,0Zm4.25,120.248a4.254,4.254,0,0,1-4.25,4.25h-85a4.254,4.254,0,0,1-4.25-4.25V7.748A4.254,4.254,0,0,1,21.5,3.5h85a4.254,4.254,0,0,1,4.25,4.25Z\"><\/path><path d=\"M102.5,10h-77a1.749,1.749,0,0,0-1.75,1.75v22A1.749,1.749,0,0,0,25.5,35.5h77a1.749,1.749,0,0,0,1.75-1.75v-22A1.749,1.749,0,0,0,102.5,10Zm-1.75,22H27.25V13.5h73.5Z\"><\/path><path d=\"M73.5,97.523h-19a1.75,1.75,0,0,0-1.75,1.75v16.973A1.749,1.749,0,0,0,54.5,118h19a1.749,1.749,0,0,0,1.75-1.75V99.273A1.75,1.75,0,0,0,73.5,97.523ZM71.749,114.5h-15.5V101.023h15.5Z\"><\/path><path d=\"M44.529,97.523H25.5a1.75,1.75,0,0,0-1.75,1.75v16.973A1.749,1.749,0,0,0,25.5,118H44.529a1.749,1.749,0,0,0,1.75-1.75V99.273A1.75,1.75,0,0,0,44.529,97.523ZM42.779,114.5H27.25V101.023H42.779Z\"><\/path><path d=\"M73.5,69.766h-19a1.749,1.749,0,0,0-1.75,1.75V88.488a1.749,1.749,0,0,0,1.75,1.75h19a1.749,1.749,0,0,0,1.75-1.75V71.516A1.749,1.749,0,0,0,73.5,69.766Zm-1.75,16.972h-15.5V73.266h15.5Z\"><\/path><path d=\"M44.529,69.766H25.5a1.749,1.749,0,0,0-1.75,1.75V88.488a1.749,1.749,0,0,0,1.75,1.75H44.529a1.749,1.749,0,0,0,1.75-1.75V71.516A1.749,1.749,0,0,0,44.529,69.766Zm-1.75,16.972H27.25V73.266H42.779Z\"><\/path><path d=\"M102.5,69.766H83.471a1.749,1.749,0,0,0-1.75,1.75v44.73a1.749,1.749,0,0,0,1.75,1.75H102.5a1.749,1.749,0,0,0,1.75-1.75V71.516A1.749,1.749,0,0,0,102.5,69.766Zm-1.75,44.73H85.221V73.266H100.75Z\"><\/path><path d=\"M73.5,42.008h-19a1.749,1.749,0,0,0-1.75,1.75V60.73a1.749,1.749,0,0,0,1.75,1.75h19a1.749,1.749,0,0,0,1.75-1.75V43.758A1.749,1.749,0,0,0,73.5,42.008ZM71.749,58.98h-15.5V45.508h15.5Z\"><\/path><path d=\"M44.529,42.008H25.5a1.749,1.749,0,0,0-1.75,1.75V60.73a1.749,1.749,0,0,0,1.75,1.75H44.529a1.749,1.749,0,0,0,1.75-1.75V43.758A1.749,1.749,0,0,0,44.529,42.008ZM42.779,58.98H27.25V45.508H42.779Z\"><\/path><path d=\"M102.5,42.008H83.471a1.749,1.749,0,0,0-1.75,1.75V60.73a1.749,1.749,0,0,0,1.75,1.75H102.5a1.749,1.749,0,0,0,1.75-1.75V43.758A1.749,1.749,0,0,0,102.5,42.008ZM100.75,58.98H85.221V45.508H100.75Z\"><\/path><\/g><\/svg>\t\t\t<\/div>\n\t\t<\/div>\n\t\t\t\t\t\t<\/div>\n\t\t\t\t<\/div>\n\t\t\t\t<div class=\"elementor-element elementor-element-905883f elementor-widget elementor-widget-heading\" data-id=\"905883f\" data-element_type=\"widget\" data-e-type=\"widget\" data-widget_type=\"heading.default\">\n\t\t\t\t<div class=\"elementor-widget-container\">\n\t\t\t\t\t<h3 class=\"elementor-heading-title elementor-size-default\"><a href=\"\/servico-contabil-na-bahia\/\">Servi\u00e7o de assessoria de planejamento<\/a><\/h3>\t\t\t\t<\/div>\n\t\t\t\t<\/div>\n\t\t\t\t<div class=\"elementor-element elementor-element-ab6551b elementor-mobile-align-center elementor-align-center elementor-widget elementor-widget-button\" data-id=\"ab6551b\" data-element_type=\"widget\" data-e-type=\"widget\" data-widget_type=\"button.default\">\n\t\t\t\t<div class=\"elementor-widget-container\">\n\t\t\t\t\t\t\t\t\t<div class=\"elementor-button-wrapper\">\n\t\t\t\t\t<a class=\"elementor-button elementor-size-sm\" role=\"button\">\n\t\t\t\t\t\t<span class=\"elementor-button-content-wrapper\">\n\t\t\t\t\t\t\t\t\t<span class=\"elementor-button-text\">na Bahia<\/span>\n\t\t\t\t\t<\/span>\n\t\t\t\t\t<\/a>\n\t\t\t\t<\/div>\n\t\t\t\t\t\t\t\t<\/div>\n\t\t\t\t<\/div>\n\t\t\t\t<div class=\"elementor-element elementor-element-b9c913a elementor-widget elementor-widget-text-editor\" data-id=\"b9c913a\" data-element_type=\"widget\" data-e-type=\"widget\" data-widget_type=\"text-editor.default\">\n\t\t\t\t<div class=\"elementor-widget-container\">\n\t\t\t\t\t\t\t\t\t<p>Sabemos quais s\u00e3o as dificuldades de manter uma gest\u00e3o p\u00fablica e entendemos muito bem a necessidade de assegurar a\u00e7\u00f5es efetivas.<\/p>\t\t\t\t\t\t\t\t<\/div>\n\t\t\t\t<\/div>\n\t\t\t\t<div class=\"elementor-element elementor-element-2605f83 elementor-align-center elementor-mobile-align-justify elementor-widget elementor-widget-button\" data-id=\"2605f83\" data-element_type=\"widget\" data-e-type=\"widget\" data-widget_type=\"button.default\">\n\t\t\t\t<div class=\"elementor-widget-container\">\n\t\t\t\t\t\t\t\t\t<div class=\"elementor-button-wrapper\">\n\t\t\t\t\t<a class=\"elementor-button elementor-button-link elementor-size-sm\" href=\"https:\/\/orcoma.com.br\/?page_id=65\" target=\"_blank\">\n\t\t\t\t\t\t<span class=\"elementor-button-content-wrapper\">\n\t\t\t\t\t\t\t\t\t<span class=\"elementor-button-text\">AGENDE SUA REUNI\u00c3O<\/span>\n\t\t\t\t\t<\/span>\n\t\t\t\t\t<\/a>\n\t\t\t\t<\/div>\n\t\t\t\t\t\t\t\t<\/div>\n\t\t\t\t<\/div>\n\t\t\t\t\t<\/div>\n\t\t<\/div>\n\t\t\t\t<div class=\"elementor-column elementor-col-50 elementor-inner-column elementor-element elementor-element-0fbd6d0\" data-id=\"0fbd6d0\" data-element_type=\"column\" data-e-type=\"column\" data-settings=\"{&quot;background_background&quot;:&quot;classic&quot;}\">\n\t\t\t<div class=\"elementor-widget-wrap elementor-element-populated\">\n\t\t\t\t\t\t<div class=\"elementor-element elementor-element-f9d961a elementor-view-stacked elementor-shape-circle elementor-widget elementor-widget-icon\" data-id=\"f9d961a\" data-element_type=\"widget\" data-e-type=\"widget\" data-widget_type=\"icon.default\">\n\t\t\t\t<div class=\"elementor-widget-container\">\n\t\t\t\t\t\t\t<div class=\"elementor-icon-wrapper\">\n\t\t\t<div class=\"elementor-icon\">\n\t\t\t<svg xmlns=\"http:\/\/www.w3.org\/2000\/svg\" id=\"Capa_1\" height=\"512\" viewBox=\"0 0 512 512\" width=\"512\"><g><g><path d=\"m80.913 178.73h205.082c4.142 0 7.499-3.357 7.499-7.499s-3.357-7.499-7.499-7.499h-205.082c-4.142 0-7.499 3.357-7.499 7.499s3.357 7.499 7.499 7.499z\"><\/path><path d=\"m80.913 215.724h174.087c4.142 0 7.499-3.357 7.499-7.499s-3.357-7.499-7.499-7.499h-174.087c-4.142 0-7.499 3.357-7.499 7.499s3.357 7.499 7.499 7.499z\"><\/path><path d=\"m80.913 252.717h174.087c4.142 0 7.499-3.357 7.499-7.499s-3.357-7.499-7.499-7.499h-174.087c-4.142 0-7.499 3.357-7.499 7.499s3.357 7.499 7.499 7.499z\"><\/path><path d=\"m80.913 289.711h174.087c4.142 0 7.499-3.357 7.499-7.499s-3.357-7.499-7.499-7.499h-174.087c-4.142 0-7.499 3.357-7.499 7.499s3.357 7.499 7.499 7.499z\"><\/path><path d=\"m80.913 326.705h205.082c4.142 0 7.499-3.357 7.499-7.499s-3.357-7.499-7.499-7.499h-205.082c-4.142 0-7.499 3.357-7.499 7.499s3.357 7.499 7.499 7.499z\"><\/path><path d=\"m149.7 127.484 4.86-12.76h32.868l4.808 12.739c1.133 3.002 3.987 4.853 7.016 4.853.88 0 1.775-.156 2.647-.485 3.874-1.462 5.83-5.788 4.367-9.663l-26.655-70.631c-.025-.067-.052-.135-.079-.202-1.412-3.436-4.723-5.654-8.437-5.654-.003 0-.006 0-.008 0-3.718.003-7.03 2.229-8.437 5.67-.022.057-.045.113-.066.17l-26.899 70.627c-1.474 3.869.469 8.202 4.339 9.676 3.864 1.475 8.202-.468 9.676-4.34zm21.368-56.106 10.699 28.35h-21.496z\"><\/path><path d=\"m227.664 130.947c1.313.925 2.82 1.369 4.312 1.369 2.357 0 4.677-1.108 6.138-3.181l20.89-29.654 20.858 29.65c1.46 2.075 3.781 3.185 6.14 3.185 1.49 0 2.996-.443 4.308-1.367 3.387-2.382 4.201-7.06 1.818-10.447l-23.949-34.044 20.401-28.959c2.384-3.386 1.573-8.064-1.812-10.449-3.387-2.385-8.064-1.572-10.45 1.812l-17.306 24.566-17.278-24.562c-2.382-3.385-7.057-4.203-10.448-1.818-3.387 2.382-4.201 7.06-1.818 10.447l20.37 28.956-23.985 34.047c-2.385 3.386-1.574 8.063 1.811 10.449z\"><\/path><path d=\"m100.613 132.315c4.142 0 7.499-3.357 7.499-7.499v-64.138h12.362c4.142 0 7.499-3.357 7.499-7.499s-3.357-7.499-7.499-7.499h-39.561c-4.142 0-7.499 3.357-7.499 7.499s3.357 7.499 7.499 7.499h12.201v64.138c0 4.142 3.357 7.499 7.499 7.499z\"><\/path><path d=\"m480.021 210.803c-1.559-3.836-5.931-5.688-9.77-4.124-3.836 1.558-5.684 5.933-4.124 9.77 3.711 9.136 5.594 18.815 5.594 28.77 0 42.176-34.312 76.487-76.487 76.487s-76.487-34.312-76.487-76.487c0-42.176 34.312-76.487 76.487-76.487 19.882 0 38.719 7.591 53.04 21.377 2.984 2.873 7.732 2.782 10.603-.202 2.873-2.984 2.782-7.73-.202-10.603-15.317-14.744-34.955-23.543-55.942-25.245v-129.336c-.001-13.632-11.092-24.723-24.726-24.723h-328c-13.634 0-24.725 11.091-24.725 24.723v396.456c0 4.142 3.357 7.499 7.499 7.499s7.499-3.357 7.499-7.499v-396.456c0-5.363 4.364-9.726 9.727-9.726h328.001c5.363 0 9.727 4.363 9.727 9.726v129.32c-46.95 3.827-83.986 43.256-83.986 91.176s37.036 87.348 83.986 91.175v87.298h-41.998c-15.032 0-27.26 12.229-27.26 27.261v46.049h-268.47c-5.363 0-9.727-4.363-9.727-9.726v-31.019c0-4.142-3.357-7.499-7.499-7.499s-7.499 3.357-7.499 7.499v31.019c0 13.633 11.091 24.723 24.724 24.723h275.968c2.616 0 4.537-1.382 6.266-3.212 1.358-1.438 57.012-60.348 64.794-68.585 2.481-2.626 5.696-5.073 5.696-9.012 0-.161 0-94.797 0-94.797 46.95-3.827 83.986-43.256 83.986-91.175.002-11.898-2.252-23.477-6.695-34.415zm-134.285 227.887h32.096l-44.359 46.954v-34.69c.001-6.763 5.502-12.264 12.263-12.264z\"><\/path><path d=\"m374.504 294.611c.948.397 1.931.586 2.899.586 2.929 0 5.713-1.728 6.918-4.599l35.653-84.953c1.602-3.819-.195-8.214-4.013-9.817-3.818-1.599-8.214.194-9.817 4.013l-35.653 84.953c-1.602 3.819.194 8.213 4.013 9.817z\"><\/path><ellipse cx=\"369.81\" cy=\"214.696\" rx=\"10.803\" ry=\"10.803\" transform=\"matrix(.383 -.924 .924 .383 29.936 474.196)\"><\/ellipse><path d=\"m420.655 286.545c5.966 0 10.803-4.837 10.803-10.803s-4.837-10.803-10.803-10.803c-5.967 0-10.803 4.837-10.803 10.803s4.837 10.803 10.803 10.803z\"><\/path><\/g><\/g><\/svg>\t\t\t<\/div>\n\t\t<\/div>\n\t\t\t\t\t\t<\/div>\n\t\t\t\t<\/div>\n\t\t\t\t<div class=\"elementor-element elementor-element-23acd3a elementor-widget elementor-widget-heading\" data-id=\"23acd3a\" data-element_type=\"widget\" data-e-type=\"widget\" data-widget_type=\"heading.default\">\n\t\t\t\t<div class=\"elementor-widget-container\">\n\t\t\t\t\t<h3 class=\"elementor-heading-title elementor-size-default\"><a href=\"\/servico-fiscal-na-bahia\/\">Servi\u00e7o fiscal<\/a><\/h3>\t\t\t\t<\/div>\n\t\t\t\t<\/div>\n\t\t\t\t<div class=\"elementor-element elementor-element-77a24f5 elementor-mobile-align-center elementor-align-center elementor-widget elementor-widget-button\" data-id=\"77a24f5\" data-element_type=\"widget\" data-e-type=\"widget\" data-widget_type=\"button.default\">\n\t\t\t\t<div class=\"elementor-widget-container\">\n\t\t\t\t\t\t\t\t\t<div class=\"elementor-button-wrapper\">\n\t\t\t\t\t<a class=\"elementor-button elementor-size-sm\" role=\"button\">\n\t\t\t\t\t\t<span class=\"elementor-button-content-wrapper\">\n\t\t\t\t\t\t\t\t\t<span class=\"elementor-button-text\">na Bahia<\/span>\n\t\t\t\t\t<\/span>\n\t\t\t\t\t<\/a>\n\t\t\t\t<\/div>\n\t\t\t\t\t\t\t\t<\/div>\n\t\t\t\t<\/div>\n\t\t\t\t<div class=\"elementor-element elementor-element-f021770 elementor-widget elementor-widget-text-editor\" data-id=\"f021770\" data-element_type=\"widget\" data-e-type=\"widget\" data-widget_type=\"text-editor.default\">\n\t\t\t\t<div class=\"elementor-widget-container\">\n\t\t\t\t\t\t\t\t\t<p>Sabemos o qu\u00e3o complicadas podem ser suas atividades sem o apoio de um especialista cont\u00e1bil que entende de gest\u00e3o.<\/p>\t\t\t\t\t\t\t\t<\/div>\n\t\t\t\t<\/div>\n\t\t\t\t<div class=\"elementor-element elementor-element-b56df1c elementor-align-center elementor-mobile-align-justify elementor-widget elementor-widget-button\" data-id=\"b56df1c\" data-element_type=\"widget\" data-e-type=\"widget\" data-widget_type=\"button.default\">\n\t\t\t\t<div class=\"elementor-widget-container\">\n\t\t\t\t\t\t\t\t\t<div class=\"elementor-button-wrapper\">\n\t\t\t\t\t<a class=\"elementor-button elementor-button-link elementor-size-sm\" href=\"https:\/\/orcoma.com.br\/?page_id=65\" target=\"_blank\">\n\t\t\t\t\t\t<span class=\"elementor-button-content-wrapper\">\n\t\t\t\t\t\t\t\t\t<span class=\"elementor-button-text\">AGENDE SUA REUNI\u00c3O<\/span>\n\t\t\t\t\t<\/span>\n\t\t\t\t\t<\/a>\n\t\t\t\t<\/div>\n\t\t\t\t\t\t\t\t<\/div>\n\t\t\t\t<\/div>\n\t\t\t\t\t<\/div>\n\t\t<\/div>\n\t\t\t\t\t<\/div>\n\t\t<\/section>\n\t\t\t\t\t<\/div>\n\t\t<\/div>\n\t\t\t\t\t<\/div>\n\t\t<\/section>\n\t\t\t\t<section class=\"elementor-section elementor-top-section elementor-element elementor-element-5b5e3b1 elementor-section-stretched elementor-section-boxed elementor-section-height-default elementor-section-height-default\" data-id=\"5b5e3b1\" data-element_type=\"section\" data-e-type=\"section\" data-settings=\"{&quot;stretch_section&quot;:&quot;section-stretched&quot;,&quot;background_background&quot;:&quot;classic&quot;}\">\n\t\t\t\t\t\t<div class=\"elementor-container elementor-column-gap-default\">\n\t\t\t\t\t<div class=\"elementor-column elementor-col-50 elementor-top-column elementor-element elementor-element-1e9f10d\" data-id=\"1e9f10d\" data-element_type=\"column\" data-e-type=\"column\">\n\t\t\t<div class=\"elementor-widget-wrap elementor-element-populated\">\n\t\t\t\t\t\t<div class=\"elementor-element elementor-element-6dcb6a5 elementor-widget elementor-widget-heading\" data-id=\"6dcb6a5\" data-element_type=\"widget\" data-e-type=\"widget\" data-widget_type=\"heading.default\">\n\t\t\t\t<div class=\"elementor-widget-container\">\n\t\t\t\t\t<h3 class=\"elementor-heading-title elementor-size-default\">Conte com quem tem tradi\u00e7\u00e3o e com quem est\u00e1 no mercado h\u00e1 mais de 35 anos<\/h3>\t\t\t\t<\/div>\n\t\t\t\t<\/div>\n\t\t\t\t\t<\/div>\n\t\t<\/div>\n\t\t\t\t<div class=\"elementor-column elementor-col-50 elementor-top-column elementor-element elementor-element-118fe2c\" data-id=\"118fe2c\" data-element_type=\"column\" data-e-type=\"column\">\n\t\t\t<div class=\"elementor-widget-wrap elementor-element-populated\">\n\t\t\t\t\t\t<div class=\"elementor-element elementor-element-3e8a648 elementor-widget elementor-widget-text-editor\" data-id=\"3e8a648\" data-element_type=\"widget\" data-e-type=\"widget\" data-widget_type=\"text-editor.default\">\n\t\t\t\t<div class=\"elementor-widget-container\">\n\t\t\t\t\t\t\t\t\t<p>N\u00f3s, da Orcoma Contabilidade Inteligente, podemos dar o apoio de que voc\u00ea precisa, pois somos uma contabilidade especializada na \u00e1rea p\u00fablica e vamos te ajudar a lidar com os n\u00fameros com efici\u00eancia, facilitando o entendimento sobre a origem e sobre a aplica\u00e7\u00e3o dos seus recursos, possibilitando uma administra\u00e7\u00e3o que traga benef\u00edcios \u00e0 sociedade e \u00e0 sua atua\u00e7\u00e3o como gestor.<\/p><p>Entre em contato agora com um dos nossos especialistas e conhe\u00e7a as vantagens de contar com a nossa parceria.<\/p>\t\t\t\t\t\t\t\t<\/div>\n\t\t\t\t<\/div>\n\t\t\t\t<div class=\"elementor-element elementor-element-cf561dc elementor-align-left elementor-tablet-align-justify elementor-mobile-align-justify elementor-widget elementor-widget-button\" data-id=\"cf561dc\" data-element_type=\"widget\" data-e-type=\"widget\" data-widget_type=\"button.default\">\n\t\t\t\t<div class=\"elementor-widget-container\">\n\t\t\t\t\t\t\t\t\t<div class=\"elementor-button-wrapper\">\n\t\t\t\t\t<a class=\"elementor-button elementor-button-link elementor-size-sm\" href=\"https:\/\/orcoma.com.br\/?page_id=65\" target=\"_blank\">\n\t\t\t\t\t\t<span class=\"elementor-button-content-wrapper\">\n\t\t\t\t\t\t\t\t\t<span class=\"elementor-button-text\">quero falar com um especialista<\/span>\n\t\t\t\t\t<\/span>\n\t\t\t\t\t<\/a>\n\t\t\t\t<\/div>\n\t\t\t\t\t\t\t\t<\/div>\n\t\t\t\t<\/div>\n\t\t\t\t\t<\/div>\n\t\t<\/div>\n\t\t\t\t\t<\/div>\n\t\t<\/section>\n\t\t\t\t<\/div>\n\t\t","protected":false},"excerpt":{"rendered":"<p>Contabilidade para o Setor P\u00fablico na Bahia Orcoma para setor p\u00fablico Garanta transpar\u00eancia e conformidade legal para sua gest\u00e3o. Servi\u00e7os de contabilidade p\u00fablica para dar a voc\u00ea o apoio necess\u00e1rio na presta\u00e7\u00e3o de contas e no uso eficiente dos recursos governamentais. Servi\u00e7o de assessoria de planejamento na Bahia Sabemos quais s\u00e3o as dificuldades de manter &#8230; <a title=\"Orcoma para Setor P\u00fablico\" class=\"read-more\" href=\"https:\/\/orcoma.com.br\/?page_id=17836\" aria-label=\"Read more about Orcoma para Setor P\u00fablico\">Ler mais<\/a><\/p>\n","protected":false},"author":1,"featured_media":22202,"parent":0,"menu_order":0,"comment_status":"closed","ping_status":"closed","template":"elementor_header_footer","meta":{"footnotes":""},"class_list":["post-17836","page","type-page","status-publish","has-post-thumbnail"],"_links":{"self":[{"href":"https:\/\/orcoma.com.br\/index.php?rest_route=\/wp\/v2\/pages\/17836","targetHints":{"allow":["GET"]}}],"collection":[{"href":"https:\/\/orcoma.com.br\/index.php?rest_route=\/wp\/v2\/pages"}],"about":[{"href":"https:\/\/orcoma.com.br\/index.php?rest_route=\/wp\/v2\/types\/page"}],"author":[{"embeddable":true,"href":"https:\/\/orcoma.com.br\/index.php?rest_route=\/wp\/v2\/users\/1"}],"replies":[{"embeddable":true,"href":"https:\/\/orcoma.com.br\/index.php?rest_route=%2Fwp%2Fv2%2Fcomments&post=17836"}],"version-history":[{"count":0,"href":"https:\/\/orcoma.com.br\/index.php?rest_route=\/wp\/v2\/pages\/17836\/revisions"}],"wp:featuredmedia":[{"embeddable":true,"href":"https:\/\/orcoma.com.br\/index.php?rest_route=\/wp\/v2\/media\/22202"}],"wp:attachment":[{"href":"https:\/\/orcoma.com.br\/index.php?rest_route=%2Fwp%2Fv2%2Fmedia&parent=17836"}],"curies":[{"name":"wp","href":"https:\/\/api.w.org\/{rel}","templated":true}]}}