{"id":65,"date":"2022-11-25T16:37:22","date_gmt":"2022-11-25T19:37:22","guid":{"rendered":"https:\/\/orcoma.com.br\/?page_id=65"},"modified":"2026-02-18T15:38:29","modified_gmt":"2026-02-18T18:38:29","slug":"consulte-um-escritorio-de-contabilidade-na-bahia","status":"publish","type":"page","link":"https:\/\/orcoma.com.br\/?page_id=65","title":{"rendered":"Agende sua Reuni\u00e3o"},"content":{"rendered":"\t\t<div data-elementor-type=\"wp-page\" data-elementor-id=\"65\" class=\"elementor elementor-65\" data-elementor-post-type=\"page\">\n\t\t\t\t\t\t<section class=\"elementor-section elementor-top-section elementor-element elementor-element-16538bc6 elementor-section-boxed elementor-section-height-default elementor-section-height-default\" data-id=\"16538bc6\" data-element_type=\"section\" data-e-type=\"section\" data-settings=\"{&quot;background_background&quot;:&quot;classic&quot;}\">\n\t\t\t\t\t\t<div class=\"elementor-container elementor-column-gap-default\">\n\t\t\t\t\t<div class=\"elementor-column elementor-col-100 elementor-top-column elementor-element elementor-element-2c92d540\" data-id=\"2c92d540\" data-element_type=\"column\" data-e-type=\"column\">\n\t\t\t<div class=\"elementor-widget-wrap elementor-element-populated\">\n\t\t\t\t\t\t<div class=\"elementor-element elementor-element-4239307 elementor-widget elementor-widget-image\" data-id=\"4239307\" data-element_type=\"widget\" data-e-type=\"widget\" data-widget_type=\"image.default\">\n\t\t\t\t<div class=\"elementor-widget-container\">\n\t\t\t\t\t\t\t\t\t\t\t\t\t\t\t\t<a href=\"https:\/\/orcoma.com.br\">\n\t\t\t\t\t\t\t<img fetchpriority=\"high\" decoding=\"async\" width=\"1024\" height=\"231\" src=\"https:\/\/orcoma.com.br\/wp-content\/uploads\/2023\/07\/LOGO-ORCOMA-PNG-1024x231.png\" class=\"attachment-large size-large wp-image-23297\" alt=\"Logo Orcoma Png - Contabilidade na Bahia | Grupo Orcoma\" srcset=\"https:\/\/orcoma.com.br\/wp-content\/uploads\/2023\/07\/LOGO-ORCOMA-PNG-1024x231.png 1024w, https:\/\/orcoma.com.br\/wp-content\/uploads\/2023\/07\/LOGO-ORCOMA-PNG-300x68.png 300w, https:\/\/orcoma.com.br\/wp-content\/uploads\/2023\/07\/LOGO-ORCOMA-PNG-768x173.png 768w, https:\/\/orcoma.com.br\/wp-content\/uploads\/2023\/07\/LOGO-ORCOMA-PNG-1536x346.png 1536w, https:\/\/orcoma.com.br\/wp-content\/uploads\/2023\/07\/LOGO-ORCOMA-PNG-2048x462.png 2048w\" sizes=\"(max-width: 1024px) 100vw, 1024px\" \/>\t\t\t\t\t\t\t\t<\/a>\n\t\t\t\t\t\t\t\t\t\t\t\t\t\t\t<\/div>\n\t\t\t\t<\/div>\n\t\t\t\t\t<\/div>\n\t\t<\/div>\n\t\t\t\t\t<\/div>\n\t\t<\/section>\n\t\t\t\t<section class=\"elementor-section elementor-top-section elementor-element elementor-element-5f6f526c elementor-section-height-min-height elementor-section-boxed elementor-section-height-default elementor-section-items-middle\" data-id=\"5f6f526c\" data-element_type=\"section\" data-e-type=\"section\" data-settings=\"{&quot;background_background&quot;:&quot;classic&quot;}\">\n\t\t\t\t\t\t\t<div class=\"elementor-background-overlay\"><\/div>\n\t\t\t\t\t\t\t<div class=\"elementor-container elementor-column-gap-default\">\n\t\t\t\t\t<div class=\"elementor-column elementor-col-33 elementor-top-column elementor-element elementor-element-7841646d\" data-id=\"7841646d\" data-element_type=\"column\" data-e-type=\"column\">\n\t\t\t<div class=\"elementor-widget-wrap\">\n\t\t\t\t\t\t\t<\/div>\n\t\t<\/div>\n\t\t\t\t<div class=\"elementor-column elementor-col-33 elementor-top-column elementor-element elementor-element-403ae786\" data-id=\"403ae786\" data-element_type=\"column\" data-e-type=\"column\">\n\t\t\t<div class=\"elementor-widget-wrap elementor-element-populated\">\n\t\t\t\t\t\t<div class=\"elementor-element elementor-element-d2276ff elementor-hidden-desktop elementor-hidden-tablet elementor-hidden-mobile elementor-widget elementor-widget-heading\" data-id=\"d2276ff\" data-element_type=\"widget\" data-e-type=\"widget\" data-widget_type=\"heading.default\">\n\t\t\t\t<div class=\"elementor-widget-container\">\n\t\t\t\t\t<h1 class=\"elementor-heading-title elementor-size-default\">Consulte um Escrit\u00f3rio de Contabilidade na Bahia<\/h1>\t\t\t\t<\/div>\n\t\t\t\t<\/div>\n\t\t\t\t<div class=\"elementor-element elementor-element-778653e3 elementor-widget elementor-widget-heading\" data-id=\"778653e3\" data-element_type=\"widget\" data-e-type=\"widget\" data-widget_type=\"heading.default\">\n\t\t\t\t<div class=\"elementor-widget-container\">\n\t\t\t\t\t<h2 class=\"elementor-heading-title elementor-size-default\">Venha agendar sua reuni\u00e3o com a Orcoma agora mesmo!<\/h2>\t\t\t\t<\/div>\n\t\t\t\t<\/div>\n\t\t\t\t<div class=\"elementor-element elementor-element-23f993ef elementor-widget elementor-widget-heading\" data-id=\"23f993ef\" data-element_type=\"widget\" data-e-type=\"widget\" data-widget_type=\"heading.default\">\n\t\t\t\t<div class=\"elementor-widget-container\">\n\t\t\t\t\t<h3 class=\"elementor-heading-title elementor-size-default\">Estamos te esperando!\n\n<\/h3>\t\t\t\t<\/div>\n\t\t\t\t<\/div>\n\t\t\t\t\t<\/div>\n\t\t<\/div>\n\t\t\t\t<div class=\"elementor-column elementor-col-33 elementor-top-column elementor-element elementor-element-a9ece50\" data-id=\"a9ece50\" data-element_type=\"column\" data-e-type=\"column\">\n\t\t\t<div class=\"elementor-widget-wrap\">\n\t\t\t\t\t\t\t<\/div>\n\t\t<\/div>\n\t\t\t\t\t<\/div>\n\t\t<\/section>\n\t\t\t\t<section class=\"elementor-section elementor-top-section elementor-element elementor-element-10336d55 elementor-section-height-min-height elementor-section-boxed elementor-section-height-default elementor-section-items-middle\" data-id=\"10336d55\" data-element_type=\"section\" data-e-type=\"section\">\n\t\t\t\t\t\t<div class=\"elementor-container elementor-column-gap-default\">\n\t\t\t\t\t<div class=\"elementor-column elementor-col-100 elementor-top-column elementor-element elementor-element-4b8b74fa\" data-id=\"4b8b74fa\" data-element_type=\"column\" data-e-type=\"column\" data-settings=\"{&quot;background_background&quot;:&quot;classic&quot;}\">\n\t\t\t<div class=\"elementor-widget-wrap elementor-element-populated\">\n\t\t\t\t\t\t<div class=\"elementor-element elementor-element-9261a65 elementor-hidden-desktop elementor-hidden-tablet elementor-hidden-mobile elementor-button-align-stretch elementor-widget elementor-widget-form\" data-id=\"9261a65\" data-element_type=\"widget\" data-e-type=\"widget\" data-settings=\"{&quot;step_next_label&quot;:&quot;Next&quot;,&quot;step_previous_label&quot;:&quot;Previous&quot;,&quot;button_width&quot;:&quot;100&quot;,&quot;step_type&quot;:&quot;number_text&quot;,&quot;step_icon_shape&quot;:&quot;circle&quot;}\" data-widget_type=\"form.default\">\n\t\t\t\t<div class=\"elementor-widget-container\">\n\t\t\t\t\t\t\t<form class=\"elementor-form\" method=\"post\" name=\"Formul\u00e1rio de agendamento\" aria-label=\"Formul\u00e1rio de agendamento\">\n\t\t\t<input type=\"hidden\" name=\"post_id\" value=\"65\"\/>\n\t\t\t<input type=\"hidden\" name=\"form_id\" value=\"9261a65\"\/>\n\t\t\t<input type=\"hidden\" name=\"referer_title\" value=\"Agende sua Reuni\u00e3o\" \/>\n\n\t\t\t\t\t\t\t<input type=\"hidden\" name=\"queried_id\" value=\"65\"\/>\n\t\t\t\n\t\t\t<div class=\"elementor-form-fields-wrapper elementor-labels-above\">\n\t\t\t\t\t\t\t\t<div class=\"elementor-field-type-text elementor-field-group elementor-column elementor-field-group-name elementor-col-50 elementor-field-required\">\n\t\t\t\t\t\t\t\t\t\t\t\t<label for=\"form-field-name\" class=\"elementor-field-label\">\n\t\t\t\t\t\t\t\tNome\t\t\t\t\t\t\t<\/label>\n\t\t\t\t\t\t\t\t\t\t\t\t\t\t<input size=\"1\" type=\"text\" name=\"form_fields[name]\" id=\"form-field-name\" class=\"elementor-field elementor-size-sm  elementor-field-textual\" placeholder=\"Insira seu nome\" required=\"required\">\n\t\t\t\t\t\t\t\t\t\t\t<\/div>\n\t\t\t\t\t\t\t\t<div class=\"elementor-field-type-email elementor-field-group elementor-column elementor-field-group-email elementor-col-50 elementor-field-required\">\n\t\t\t\t\t\t\t\t\t\t\t\t<label for=\"form-field-email\" class=\"elementor-field-label\">\n\t\t\t\t\t\t\t\tE-mail\t\t\t\t\t\t\t<\/label>\n\t\t\t\t\t\t\t\t\t\t\t\t\t\t<input size=\"1\" type=\"email\" name=\"form_fields[email]\" id=\"form-field-email\" class=\"elementor-field elementor-size-sm  elementor-field-textual\" placeholder=\"Insira seu e-mail\" required=\"required\">\n\t\t\t\t\t\t\t\t\t\t\t<\/div>\n\t\t\t\t\t\t\t\t<div class=\"elementor-field-type-tel elementor-field-group elementor-column elementor-field-group-phone elementor-col-50 elementor-field-required\">\n\t\t\t\t\t\t\t\t\t\t\t\t<label for=\"form-field-phone\" class=\"elementor-field-label\">\n\t\t\t\t\t\t\t\tTelefone\t\t\t\t\t\t\t<\/label>\n\t\t\t\t\t\t\t\t<input size=\"1\" type=\"tel\" name=\"form_fields[phone]\" id=\"form-field-phone\" class=\"elementor-field elementor-size-sm  elementor-field-textual\" placeholder=\"Insira seu telefone\" required=\"required\" pattern=\"[0-9()#&amp;+*-=.]+\" title=\"Apenas n\u00fameros e caracteres de telefone (#, -, *, etc.) s\u00e3o aceitos.\">\n\n\t\t\t\t\t\t<\/div>\n\t\t\t\t\t\t\t\t<div class=\"elementor-field-type-select elementor-field-group elementor-column elementor-field-group-unidademaisproxima elementor-col-50 elementor-field-required\">\n\t\t\t\t\t\t\t\t\t\t\t\t<label for=\"form-field-unidademaisproxima\" class=\"elementor-field-label\">\n\t\t\t\t\t\t\t\tUnidade mais pr\u00f3xima\t\t\t\t\t\t\t<\/label>\n\t\t\t\t\t\t\t\t<div class=\"elementor-field elementor-select-wrapper remove-before \">\n\t\t\t<div class=\"select-caret-down-wrapper\">\n\t\t\t\t<i aria-hidden=\"true\" class=\"eicon-caret-down\"><\/i>\t\t\t<\/div>\n\t\t\t<select name=\"form_fields[unidademaisproxima]\" id=\"form-field-unidademaisproxima\" class=\"elementor-field-textual elementor-size-sm\" required=\"required\">\n\t\t\t\t\t\t\t\t\t<option value=\"Itaberaba\">Itaberaba<\/option>\n\t\t\t\t\t\t\t\t\t<option value=\"Itaberaba (P\u00fablica)\">Itaberaba (P\u00fablica)<\/option>\n\t\t\t\t\t\t\t\t\t<option value=\"Feira de Santana\">Feira de Santana<\/option>\n\t\t\t\t\t\t\t\t\t<option value=\"Marac\u00e1s\">Marac\u00e1s<\/option>\n\t\t\t\t\t\t\t\t\t<option value=\"Jequi\u00e9\">Jequi\u00e9<\/option>\n\t\t\t\t\t\t\t\t\t<option value=\"Jequi\u00e9 2\">Jequi\u00e9 2<\/option>\n\t\t\t\t\t\t\t\t\t<option value=\"Jaguaquara\">Jaguaquara<\/option>\n\t\t\t\t\t\t\t\t\t<option value=\"V\u00e1rzea Nova\">V\u00e1rzea Nova<\/option>\n\t\t\t\t\t\t\t\t\t<option value=\"Jiquiri\u00e7\u00e1\">Jiquiri\u00e7\u00e1<\/option>\n\t\t\t\t\t\t\t\t\t<option value=\"Utinga\">Utinga<\/option>\n\t\t\t\t\t\t\t\t\t<option value=\"Ruy Barbosa\">Ruy Barbosa<\/option>\n\t\t\t\t\t\t\t\t\t<option value=\"Salvador\">Salvador<\/option>\n\t\t\t\t\t\t\t\t\t<option value=\"Seabra\">Seabra<\/option>\n\t\t\t\t\t\t\t<\/select>\n\t\t<\/div>\n\t\t\t\t\t\t<\/div>\n\t\t\t\t\t\t\t\t<div class=\"elementor-field-type-textarea elementor-field-group elementor-column elementor-field-group-message elementor-col-100\">\n\t\t\t\t\t\t\t\t\t\t\t\t<label for=\"form-field-message\" class=\"elementor-field-label\">\n\t\t\t\t\t\t\t\tMensagem\t\t\t\t\t\t\t<\/label>\n\t\t\t\t\t\t<textarea class=\"elementor-field-textual elementor-field  elementor-size-sm\" name=\"form_fields[message]\" id=\"form-field-message\" rows=\"4\" placeholder=\"Deixe sua mensagem (opcional)\"><\/textarea>\t\t\t\t<\/div>\n\t\t\t\t\t\t\t\t<div class=\"elementor-field-type-acceptance elementor-field-group elementor-column elementor-field-group-field_f30204a elementor-col-100 elementor-field-required\">\n\t\t\t\t\t\t\t<div class=\"elementor-field-subgroup\">\n\t\t\t<span class=\"elementor-field-option\">\n\t\t\t\t<input type=\"checkbox\" name=\"form_fields[field_f30204a]\" id=\"form-field-field_f30204a\" class=\"elementor-field elementor-size-sm  elementor-acceptance-field\" required=\"required\">\n\t\t\t\t<label for=\"form-field-field_f30204a\">Li e concordo com a <a id=\"politica\" href=\"\/politica-de-privacidade\" target=\"_blank \"\/><u>Pol\u00edtica de Privacidade<\/u><\/a><\/label>\t\t\t<\/span>\n\t\t<\/div>\n\t\t\t\t\t\t<\/div>\n\t\t\t\t\t\t\t\t<div class=\"elementor-field-group elementor-column elementor-field-type-submit elementor-col-100 e-form__buttons\">\n\t\t\t\t\t<button class=\"elementor-button elementor-size-sm\" type=\"submit\">\n\t\t\t\t\t\t<span class=\"elementor-button-content-wrapper\">\n\t\t\t\t\t\t\t\t\t\t\t\t\t\t\t\t\t\t\t\t\t\t<span class=\"elementor-button-text\">Enviar<\/span>\n\t\t\t\t\t\t\t\t\t\t\t\t\t<\/span>\n\t\t\t\t\t<\/button>\n\t\t\t\t<\/div>\n\t\t\t<\/div>\n\t\t<\/form>\n\t\t\t\t\t\t<\/div>\n\t\t\t\t<\/div>\n\t\t\t\t<div class=\"elementor-element elementor-element-ab4e1f1 elementor-widget elementor-widget-shortcode\" data-id=\"ab4e1f1\" data-element_type=\"widget\" data-e-type=\"widget\" data-widget_type=\"shortcode.default\">\n\t\t\t\t<div class=\"elementor-widget-container\">\n\t\t\t\t\t\t\t<div class=\"elementor-shortcode\"><iframe\n    id=\"innovtalk-container\" style=\"width:400px; height:600px; border:none; border-radius:10px; overflow:hidden;\">\n  <\/iframe>\n  <script>\n    (function () {\n      const getPageUrl = () => {\n        if (typeof window === \"undefined\") return \"\";\n\n        if (window.location?.href) {\n          return window.location.href;\n        }\n\n        const canonical = document.querySelector('link[rel=\"canonical\"]');\n        if (canonical?.href) {\n          return canonical.href;\n        }\n\n        const og = document.querySelector('meta[property=\"og:url\"]');\n        if (og?.content) {\n          return og.content;\n        }\n\n        return \"\";\n      };\n\n      const iframe = document.getElementById(\"innovtalk-container\");\n      if (!iframe) return;\n\n      const base = \"https:\/\/iframe.innov.chat\";\n      const pageUrl = encodeURIComponent(getPageUrl());\n      iframe.src = base + \"\/forms\/1584e756-1867-4536-b9b3-d51267dfb146?accountId=35787d0f-183e-499c-b5f4-c0e792fb02b2&pageUrl=\" + pageUrl;\n    })();\n  <\/script><\/div>\n\t\t\t\t\t\t<\/div>\n\t\t\t\t<\/div>\n\t\t\t\t<div class=\"elementor-element elementor-element-9457422 elementor-hidden-desktop elementor-hidden-tablet elementor-hidden-mobile elementor-widget elementor-widget-shortcode\" data-id=\"9457422\" data-element_type=\"widget\" data-e-type=\"widget\" data-widget_type=\"shortcode.default\">\n\t\t\t\t<div class=\"elementor-widget-container\">\n\t\t\t\t\t\t\t<div class=\"elementor-shortcode\"><iframe\n    src=\"https:\/\/iframe.innov.chat\/forms\/1584e756-1867-4536-b9b3-d51267dfb146?accountId=35787d0f-183e-499c-b5f4-c0e792fb02b2\"\n    id=\"innovtalk-container\" style=\"width:400px; height:600px; border:none; border-radius:10px; overflow:hidden;\">\n<\/iframe><\/div>\n\t\t\t\t\t\t<\/div>\n\t\t\t\t<\/div>\n\t\t\t\t\t<\/div>\n\t\t<\/div>\n\t\t\t\t\t<\/div>\n\t\t<\/section>\n\t\t\t\t<section class=\"elementor-section elementor-top-section elementor-element elementor-element-2a3b9c30 elementor-section-boxed elementor-section-height-default elementor-section-height-default\" data-id=\"2a3b9c30\" data-element_type=\"section\" data-e-type=\"section\" data-settings=\"{&quot;background_background&quot;:&quot;classic&quot;}\">\n\t\t\t\t\t\t<div class=\"elementor-container elementor-column-gap-default\">\n\t\t\t\t\t<div class=\"elementor-column elementor-col-50 elementor-top-column elementor-element elementor-element-102c2168\" data-id=\"102c2168\" data-element_type=\"column\" data-e-type=\"column\">\n\t\t\t<div class=\"elementor-widget-wrap elementor-element-populated\">\n\t\t\t\t\t\t<div class=\"elementor-element elementor-element-26f9f5bc elementor-widget elementor-widget-image\" data-id=\"26f9f5bc\" data-element_type=\"widget\" data-e-type=\"widget\" data-widget_type=\"image.default\">\n\t\t\t\t<div class=\"elementor-widget-container\">\n\t\t\t\t\t\t\t\t\t\t\t\t\t\t\t\t<a href=\"https:\/\/orcoma.com.br\">\n\t\t\t\t\t\t\t<img decoding=\"async\" width=\"1024\" height=\"254\" src=\"https:\/\/orcoma.com.br\/wp-content\/uploads\/2022\/11\/Logo-Orcoma-1024x254.png\" class=\"attachment-large size-large wp-image-167\" alt=\"\" srcset=\"https:\/\/orcoma.com.br\/wp-content\/uploads\/2022\/11\/Logo-Orcoma-1024x254.png 1024w, https:\/\/orcoma.com.br\/wp-content\/uploads\/2022\/11\/Logo-Orcoma-300x74.png 300w, https:\/\/orcoma.com.br\/wp-content\/uploads\/2022\/11\/Logo-Orcoma-768x190.png 768w, https:\/\/orcoma.com.br\/wp-content\/uploads\/2022\/11\/Logo-Orcoma-1536x380.png 1536w, https:\/\/orcoma.com.br\/wp-content\/uploads\/2022\/11\/Logo-Orcoma.png 1700w\" sizes=\"(max-width: 1024px) 100vw, 1024px\" \/>\t\t\t\t\t\t\t\t<\/a>\n\t\t\t\t\t\t\t\t\t\t\t\t\t\t\t<\/div>\n\t\t\t\t<\/div>\n\t\t\t\t\t<\/div>\n\t\t<\/div>\n\t\t\t\t<div class=\"elementor-column elementor-col-50 elementor-top-column elementor-element elementor-element-75fe2984\" data-id=\"75fe2984\" data-element_type=\"column\" data-e-type=\"column\">\n\t\t\t<div class=\"elementor-widget-wrap elementor-element-populated\">\n\t\t\t\t\t\t<div class=\"elementor-element elementor-element-4c9f212c elementor-widget elementor-widget-heading\" data-id=\"4c9f212c\" data-element_type=\"widget\" data-e-type=\"widget\" data-widget_type=\"heading.default\">\n\t\t\t\t<div class=\"elementor-widget-container\">\n\t\t\t\t\t<div class=\"elementor-heading-title elementor-size-default\">Consulte um Escrit\u00f3rio de Contabilidade na Bahia<\/div>\t\t\t\t<\/div>\n\t\t\t\t<\/div>\n\t\t\t\t<div class=\"elementor-element elementor-element-2fd8aa4a elementor-widget elementor-widget-heading\" data-id=\"2fd8aa4a\" data-element_type=\"widget\" data-e-type=\"widget\" data-widget_type=\"heading.default\">\n\t\t\t\t<div class=\"elementor-widget-container\">\n\t\t\t\t\t<div class=\"elementor-heading-title elementor-size-default\">Site para contabilidade \u2014 Feito com \ud83d\udc99 pelo GRUPO DPG<\/div>\t\t\t\t<\/div>\n\t\t\t\t<\/div>\n\t\t\t\t<div class=\"elementor-element elementor-element-3372c129 elementor-widget elementor-widget-heading\" data-id=\"3372c129\" data-element_type=\"widget\" data-e-type=\"widget\" data-widget_type=\"heading.default\">\n\t\t\t\t<div class=\"elementor-widget-container\">\n\t\t\t\t\t<div class=\"elementor-heading-title elementor-size-default\">Grupo Orcoma | Todos os direitos reservados \u00a9 2022\n<\/div>\t\t\t\t<\/div>\n\t\t\t\t<\/div>\n\t\t\t\t\t<\/div>\n\t\t<\/div>\n\t\t\t\t\t<\/div>\n\t\t<\/section>\n\t\t\t\t<\/div>\n\t\t","protected":false},"excerpt":{"rendered":"<p>Consulte um Escrit\u00f3rio de Contabilidade na Bahia Venha agendar sua reuni\u00e3o com a Orcoma agora mesmo! Estamos te esperando! Consulte um Escrit\u00f3rio de Contabilidade na Bahia Site para contabilidade \u2014 Feito com \ud83d\udc99 pelo GRUPO DPG Grupo Orcoma | Todos os direitos reservados \u00a9 2022<\/p>\n","protected":false},"author":1,"featured_media":22202,"parent":0,"menu_order":0,"comment_status":"closed","ping_status":"closed","template":"elementor_canvas","meta":{"footnotes":""},"class_list":["post-65","page","type-page","status-publish","has-post-thumbnail"],"_links":{"self":[{"href":"https:\/\/orcoma.com.br\/index.php?rest_route=\/wp\/v2\/pages\/65","targetHints":{"allow":["GET"]}}],"collection":[{"href":"https:\/\/orcoma.com.br\/index.php?rest_route=\/wp\/v2\/pages"}],"about":[{"href":"https:\/\/orcoma.com.br\/index.php?rest_route=\/wp\/v2\/types\/page"}],"author":[{"embeddable":true,"href":"https:\/\/orcoma.com.br\/index.php?rest_route=\/wp\/v2\/users\/1"}],"replies":[{"embeddable":true,"href":"https:\/\/orcoma.com.br\/index.php?rest_route=%2Fwp%2Fv2%2Fcomments&post=65"}],"version-history":[{"count":0,"href":"https:\/\/orcoma.com.br\/index.php?rest_route=\/wp\/v2\/pages\/65\/revisions"}],"wp:featuredmedia":[{"embeddable":true,"href":"https:\/\/orcoma.com.br\/index.php?rest_route=\/wp\/v2\/media\/22202"}],"wp:attachment":[{"href":"https:\/\/orcoma.com.br\/index.php?rest_route=%2Fwp%2Fv2%2Fmedia&parent=65"}],"curies":[{"name":"wp","href":"https:\/\/api.w.org\/{rel}","templated":true}]}}